{"id":2542,"date":"2016-08-22T09:16:47","date_gmt":"2016-08-22T09:16:47","guid":{"rendered":"http:\/\/demo.leafcolor.com\/sportcenter\/?page_id=2542"},"modified":"2024-05-10T04:26:53","modified_gmt":"2024-05-10T04:26:53","slug":"contato","status":"publish","type":"page","link":"https:\/\/1000toncar.com.br\/oficina\/contato\/","title":{"rendered":"Contato"},"content":{"rendered":"<p>[vc_row full_width=&#8221;stretch_row_content_no_spaces&#8221; leaf_row_scheme=&#8221;0&#8243; css=&#8221;.vc_custom_1471857503585{margin-bottom: 0px !important;}&#8221;][vc_column][vc_gmaps link=&#8221;#E-8_JTNDaWZyYW1lJTIwc3JjJTNEJTIyaHR0cHMlM0ElMkYlMkZ3d3cuZ29vZ2xlLmNvbSUyRm1hcHMlMkZlbWJlZCUzRnBiJTNEJTIxMW0xNCUyMTFtOCUyMTFtMyUyMTFkMTQ2MzEuODc3NTMwNTgzNzYzJTIxMmQtNDYuNzE4NTEzNiUyMTNkLTIzLjUzMzYwMzYlMjEzbTIlMjExaTEwMjQlMjEyaTc2OCUyMTRmMTMuMSUyMTNtMyUyMTFtMiUyMTFzMHg5NGNlZjg4M2IyMDY5NzAzJTI1M0EweDIxMTA3ZDYwODVlMTJiNjElMjEyc09maWNpbmElMjUyME1lYyUyNUMzJTI1QTJuaWNhJTI1MjAxMDAwdG9uY2FyJTI1MjBBdXRvJTI1MjBTZXJ2aSUyNUMzJTI1QTdvcyUyNTIwJTI1MjYlMjUyMENvbSUyNUMzJTI1QTlyY2lvJTI1MjAtJTI1MjBMYXBhLVNQJTI1MjAtJTI1MjBDZW50cm8lMjUyMEF1dG9tb3Rpdm8lMjE1ZTAlMjEzbTIlMjExc3B0LUJSJTIxMnNiciUyMTR2MTcxNTEzNzkxNzI0NiUyMTVtMiUyMTFzcHQtQlIlMjEyc2JyJTIyJTIwd2lkdGglM0QlMjI2MDAlMjIlMjBoZWlnaHQlM0QlMjI0NTAlMjIlMjBzdHlsZSUzRCUyMmJvcmRlciUzQTAlM0IlMjIlMjBhbGxvd2Z1bGxzY3JlZW4lM0QlMjIlMjIlMjBsb2FkaW5nJTNEJTIybGF6eSUyMiUyMHJlZmVycmVycG9saWN5JTNEJTIybm8tcmVmZXJyZXItd2hlbi1kb3duZ3JhZGUlMjIlM0UlM0MlMkZpZnJhbWUlM0U=&#8221; size=&#8221;500&#8243;][\/vc_column][\/vc_row][vc_row leaf_row_scheme=&#8221;0&#8243; css=&#8221;.vc_custom_1471857811497{margin-bottom: 0px !important;padding-top: 60px !important;padding-bottom: 60px !important;}&#8221;][vc_column width=&#8221;1\/2&#8243;]    <div class=\"ia-heading ia-heading-heading_9248 heading-align-left \" data-delay=0>\n    \t<h2 >\n                \t1000Toncar                <\/h2>\n        <div class=\"clearfix\"><\/div>\n    <\/div>\n        \t    \t<div id=\"leaf-icon-box-1\" class=\"media leaf-icon-box  \" data-delay=0>\n            <div class=\"pull-left\">\n            \t                <div class=\"ia-icon\">\n                \t<i class=\"fa fa-map-marker\"><\/i>\n                <\/div>\n                            <\/div>\n            <div class=\"media-body \">\n                <h4 class=\"media-heading\">Endere\u00e7o<\/h4><p>Av. Di\u00f3genes Ribeiro de Lima, 3082 &#8211;<br \/>\nAlto da Lapa ,S\u00e3o Paulo -CEP 05083-010<\/p>            <\/div>\n            <div class=\"clearfix\"><\/div>\n        <\/div>\n        \t    \t    \t<div id=\"leaf-icon-box-2\" class=\"media leaf-icon-box  \" data-delay=0>\n            <div class=\"pull-left\">\n            \t                <div class=\"ia-icon\">\n                \t<i class=\"fa fa-phone\"><\/i>\n                <\/div>\n                            <\/div>\n            <div class=\"media-body \">\n                <h4 class=\"media-heading\">Telefone<\/h4><p>(11) 30216969<br \/>\n(11) 95310-8087<\/p>            <\/div>\n            <div class=\"clearfix\"><\/div>\n        <\/div>\n        \t    \t    \t<div id=\"leaf-icon-box-3\" class=\"media leaf-icon-box  \" data-delay=0>\n            <div class=\"pull-left\">\n            \t                <div class=\"ia-icon\">\n                \t<i class=\"fa fa-envelope-o\"><\/i>\n                <\/div>\n                            <\/div>\n            <div class=\"media-body \">\n                <h4 class=\"media-heading\">E-mail<\/h4><p>contato@1000toncar.com.br<\/p>            <\/div>\n            <div class=\"clearfix\"><\/div>\n        <\/div>\n        \t[\/vc_column][vc_column width=&#8221;1\/2&#8243;]    <div class=\"ia-heading ia-heading-heading_5927 heading-align-left \" data-delay=0>\n    \t<h2 >\n                \tContato                <\/h2>\n        <div class=\"clearfix\"><\/div>\n    <\/div>\n    <style id=\"wpforms-css-vars-3671\">\n\t\t\t\t#wpforms-3671 {\n\t\t\t\t\n\t\t\t}\n\t\t\t<\/style><div class=\"wpforms-container wpforms-container-full wpforms-render-modern\" id=\"wpforms-3671\"><form id=\"wpforms-form-3671\" class=\"wpforms-validate wpforms-form wpforms-ajax-form\" data-formid=\"3671\" method=\"post\" enctype=\"multipart\/form-data\" action=\"\/oficina\/wp-json\/wp\/v2\/pages\/2542\" data-token=\"a32315edfc4429ddfade62be9be818f3\" data-token-time=\"1776518006\"><noscript class=\"wpforms-error-noscript\">Ative o JavaScript no seu navegador para preencher este formul\u00e1rio.<\/noscript><div id=\"wpforms-error-noscript\" style=\"display: none;\">Ative o JavaScript no seu navegador para preencher este formul\u00e1rio.<\/div><div class=\"wpforms-field-container\"><div id=\"wpforms-3671-field_0-container\" class=\"wpforms-field wpforms-field-name\" data-field-id=\"0\"><fieldset><legend class=\"wpforms-field-label\">Nome <span class=\"wpforms-required-label\" aria-hidden=\"true\">*<\/span><\/legend><div class=\"wpforms-field-row wpforms-field-medium\"><div class=\"wpforms-field-row-block wpforms-first wpforms-one-half\"><input type=\"text\" id=\"wpforms-3671-field_0\" class=\"wpforms-field-name-first wpforms-field-required\" name=\"wpforms[fields][0][first]\" aria-errormessage=\"wpforms-3671-field_0-error\" required><label for=\"wpforms-3671-field_0\" class=\"wpforms-field-sublabel after\">Nome<\/label><\/div><div class=\"wpforms-field-row-block wpforms-one-half\"><input type=\"text\" id=\"wpforms-3671-field_0-last\" class=\"wpforms-field-name-last wpforms-field-required\" name=\"wpforms[fields][0][last]\" aria-errormessage=\"wpforms-3671-field_0-last-error\" required><label for=\"wpforms-3671-field_0-last\" class=\"wpforms-field-sublabel after\">Sobrenome<\/label><\/div><\/div><\/fieldset><\/div><div id=\"wpforms-3671-field_1-container\" class=\"wpforms-field wpforms-field-email\" data-field-id=\"1\"><label class=\"wpforms-field-label\" for=\"wpforms-3671-field_1\">E-mail <span class=\"wpforms-required-label\" aria-hidden=\"true\">*<\/span><\/label><input type=\"email\" id=\"wpforms-3671-field_1\" class=\"wpforms-field-medium wpforms-field-required\" name=\"wpforms[fields][1]\" spellcheck=\"false\" aria-errormessage=\"wpforms-3671-field_1-error\" required><\/div><div id=\"wpforms-3671-field_2-container\" class=\"wpforms-field wpforms-field-textarea\" data-field-id=\"2\"><label class=\"wpforms-field-label\" for=\"wpforms-3671-field_2\">Coment\u00e1rio ou Mensagem<\/label><textarea id=\"wpforms-3671-field_2\" class=\"wpforms-field-medium\" name=\"wpforms[fields][2]\" aria-errormessage=\"wpforms-3671-field_2-error\" ><\/textarea><\/div><\/div><!-- .wpforms-field-container --><div class=\"wpforms-submit-container\" ><input type=\"hidden\" name=\"wpforms[id]\" value=\"3671\"><input type=\"hidden\" name=\"page_title\" value=\"\"><input type=\"hidden\" name=\"page_url\" value=\"https:\/\/1000toncar.com.br\/oficina\/wp-json\/wp\/v2\/pages\/2542\"><input type=\"hidden\" name=\"url_referer\" value=\"\"><button type=\"submit\" name=\"wpforms[submit]\" id=\"wpforms-submit-3671\" class=\"wpforms-submit\" data-alt-text=\"Enviando\u2026\" data-submit-text=\"Enviar\" aria-live=\"assertive\" value=\"wpforms-submit\">Enviar<\/button><img loading=\"lazy\" decoding=\"async\" src=\"https:\/\/1000toncar.com.br\/oficina\/wp-content\/plugins\/wpforms-lite\/assets\/images\/submit-spin.svg\" class=\"wpforms-submit-spinner\" style=\"display: none;\" width=\"26\" height=\"26\" alt=\"Carregando\"><\/div><\/form><\/div>  <!-- .wpforms-container -->[\/vc_column][\/vc_row]<\/p>\n","protected":false},"excerpt":{"rendered":"<p>[vc_row full_width=&#8221;stretch_row_content_no_spaces&#8221; leaf_row_scheme=&#8221;0&#8243; css=&#8221;.vc_custom_1471857503585{margin-bottom: 0px !important;}&#8221;][vc_column][vc_gmaps link=&#8221;#E-8_JTNDaWZyYW1lJTIwc3JjJTNEJTIyaHR0cHMlM0ElMkYlMkZ3d3cuZ29vZ2xlLmNvbSUyRm1hcHMlMkZlbWJlZCUzRnBiJTNEJTIxMW0xNCUyMTFtOCUyMTFtMyUyMTFkMTQ2MzEuODc3NTMwNTgzNzYzJTIxMmQtNDYuNzE4NTEzNiUyMTNkLTIzLjUzMzYwMzYlMjEzbTIlMjExaTEwMjQlMjEyaTc2OCUyMTRmMTMuMSUyMTNtMyUyMTFtMiUyMTFzMHg5NGNlZjg4M2IyMDY5NzAzJTI1M0EweDIxMTA3ZDYwODVlMTJiNjElMjEyc09maWNpbmElMjUyME1lYyUyNUMzJTI1QTJuaWNhJTI1MjAxMDAwdG9uY2FyJTI1MjBBdXRvJTI1MjBTZXJ2aSUyNUMzJTI1QTdvcyUyNTIwJTI1MjYlMjUyMENvbSUyNUMzJTI1QTlyY2lvJTI1MjAtJTI1MjBMYXBhLVNQJTI1MjAtJTI1MjBDZW50cm8lMjUyMEF1dG9tb3Rpdm8lMjE1ZTAlMjEzbTIlMjExc3B0LUJSJTIxMnNiciUyMTR2MTcxNTEzNzkxNzI0NiUyMTVtMiUyMTFzcHQtQlIlMjEyc2JyJTIyJTIwd2lkdGglM0QlMjI2MDAlMjIlMjBoZWlnaHQlM0QlMjI0NTAlMjIlMjBzdHlsZSUzRCUyMmJvcmRlciUzQTAlM0IlMjIlMjBhbGxvd2Z1bGxzY3JlZW4lM0QlMjIlMjIlMjBsb2FkaW5nJTNEJTIybGF6eSUyMiUyMHJlZmVycmVycG9saWN5JTNEJTIybm8tcmVmZXJyZXItd2hlbi1kb3duZ3JhZGUlMjIlM0UlM0MlMkZpZnJhbWUlM0U=&#8221; size=&#8221;500&#8243;][\/vc_column][\/vc_row][vc_row leaf_row_scheme=&#8221;0&#8243; css=&#8221;.vc_custom_1471857811497{margin-bottom: 0px !important;padding-top: 60px !important;padding-bottom: 60px !important;}&#8221;][vc_column width=&#8221;1\/2&#8243;][\/vc_column][vc_column width=&#8221;1\/2&#8243;][\/vc_column][\/vc_row]<\/p>\n","protected":false},"author":1,"featured_media":0,"parent":0,"menu_order":0,"comment_status":"closed","ping_status":"closed","template":"page-templates\/front-page.php","meta":{"footnotes":""},"yoast_head":"<!-- This site is optimized with the Yoast SEO plugin v22.6 - https:\/\/yoast.com\/wordpress\/plugins\/seo\/ -->\n<title>Contato - Oficina Mec\u00e2nica 1000toncar - Lapa - S\u00e3o Paulo<\/title>\n<meta name=\"robots\" content=\"index, follow, max-snippet:-1, max-image-preview:large, max-video-preview:-1\" \/>\n<link rel=\"canonical\" href=\"https:\/\/1000toncar.com.br\/oficina\/contato\/\" \/>\n<meta property=\"og:locale\" content=\"pt_BR\" \/>\n<meta property=\"og:type\" content=\"article\" \/>\n<meta property=\"og:title\" content=\"Contato - Oficina Mec\u00e2nica 1000toncar - Lapa - S\u00e3o Paulo\" \/>\n<meta property=\"og:description\" content=\"[vc_row full_width=&#8221;stretch_row_content_no_spaces&#8221; leaf_row_scheme=&#8221;0&#8243; css=&#8221;.vc_custom_1471857503585{margin-bottom: 0px !important;}&#8221;][vc_column][vc_gmaps link=&#8221;#E-8_JTNDaWZyYW1lJTIwc3JjJTNEJTIyaHR0cHMlM0ElMkYlMkZ3d3cuZ29vZ2xlLmNvbSUyRm1hcHMlMkZlbWJlZCUzRnBiJTNEJTIxMW0xNCUyMTFtOCUyMTFtMyUyMTFkMTQ2MzEuODc3NTMwNTgzNzYzJTIxMmQtNDYuNzE4NTEzNiUyMTNkLTIzLjUzMzYwMzYlMjEzbTIlMjExaTEwMjQlMjEyaTc2OCUyMTRmMTMuMSUyMTNtMyUyMTFtMiUyMTFzMHg5NGNlZjg4M2IyMDY5NzAzJTI1M0EweDIxMTA3ZDYwODVlMTJiNjElMjEyc09maWNpbmElMjUyME1lYyUyNUMzJTI1QTJuaWNhJTI1MjAxMDAwdG9uY2FyJTI1MjBBdXRvJTI1MjBTZXJ2aSUyNUMzJTI1QTdvcyUyNTIwJTI1MjYlMjUyMENvbSUyNUMzJTI1QTlyY2lvJTI1MjAtJTI1MjBMYXBhLVNQJTI1MjAtJTI1MjBDZW50cm8lMjUyMEF1dG9tb3Rpdm8lMjE1ZTAlMjEzbTIlMjExc3B0LUJSJTIxMnNiciUyMTR2MTcxNTEzNzkxNzI0NiUyMTVtMiUyMTFzcHQtQlIlMjEyc2JyJTIyJTIwd2lkdGglM0QlMjI2MDAlMjIlMjBoZWlnaHQlM0QlMjI0NTAlMjIlMjBzdHlsZSUzRCUyMmJvcmRlciUzQTAlM0IlMjIlMjBhbGxvd2Z1bGxzY3JlZW4lM0QlMjIlMjIlMjBsb2FkaW5nJTNEJTIybGF6eSUyMiUyMHJlZmVycmVycG9saWN5JTNEJTIybm8tcmVmZXJyZXItd2hlbi1kb3duZ3JhZGUlMjIlM0UlM0MlMkZpZnJhbWUlM0U=&#8221; size=&#8221;500&#8243;][\/vc_column][\/vc_row][vc_row leaf_row_scheme=&#8221;0&#8243; css=&#8221;.vc_custom_1471857811497{margin-bottom: 0px !important;padding-top: 60px !important;padding-bottom: 60px !important;}&#8221;][vc_column width=&#8221;1\/2&#8243;][\/vc_column][vc_column width=&#8221;1\/2&#8243;][\/vc_column][\/vc_row]\" \/>\n<meta property=\"og:url\" content=\"https:\/\/1000toncar.com.br\/oficina\/contato\/\" \/>\n<meta property=\"og:site_name\" content=\"Oficina Mec\u00e2nica 1000toncar - Lapa - S\u00e3o Paulo\" \/>\n<meta property=\"article:modified_time\" content=\"2024-05-10T04:26:53+00:00\" \/>\n<meta name=\"twitter:card\" content=\"summary_large_image\" \/>\n<meta name=\"twitter:label1\" content=\"Est. tempo de leitura\" \/>\n\t<meta name=\"twitter:data1\" content=\"1 minuto\" \/>\n<script type=\"application\/ld+json\" class=\"yoast-schema-graph\">{\"@context\":\"https:\/\/schema.org\",\"@graph\":[{\"@type\":\"WebPage\",\"@id\":\"https:\/\/1000toncar.com.br\/oficina\/contato\/\",\"url\":\"https:\/\/1000toncar.com.br\/oficina\/contato\/\",\"name\":\"Contato - Oficina Mec\u00e2nica 1000toncar - Lapa - S\u00e3o Paulo\",\"isPartOf\":{\"@id\":\"https:\/\/1000toncar.com.br\/oficina\/#website\"},\"datePublished\":\"2016-08-22T09:16:47+00:00\",\"dateModified\":\"2024-05-10T04:26:53+00:00\",\"breadcrumb\":{\"@id\":\"https:\/\/1000toncar.com.br\/oficina\/contato\/#breadcrumb\"},\"inLanguage\":\"pt-BR\",\"potentialAction\":[{\"@type\":\"ReadAction\",\"target\":[\"https:\/\/1000toncar.com.br\/oficina\/contato\/\"]}]},{\"@type\":\"BreadcrumbList\",\"@id\":\"https:\/\/1000toncar.com.br\/oficina\/contato\/#breadcrumb\",\"itemListElement\":[{\"@type\":\"ListItem\",\"position\":1,\"name\":\"In\u00edcio\",\"item\":\"https:\/\/1000toncar.com.br\/oficina\/\"},{\"@type\":\"ListItem\",\"position\":2,\"name\":\"Contato\"}]},{\"@type\":\"WebSite\",\"@id\":\"https:\/\/1000toncar.com.br\/oficina\/#website\",\"url\":\"https:\/\/1000toncar.com.br\/oficina\/\",\"name\":\"Oficina Mec\u00e2nica 1000toncar - Lapa - S\u00e3o Paulo\",\"description\":\"Centro Automotivo, Troca de \u00d3leo, Mec\u00e2nica para carros\",\"publisher\":{\"@id\":\"https:\/\/1000toncar.com.br\/oficina\/#organization\"},\"potentialAction\":[{\"@type\":\"SearchAction\",\"target\":{\"@type\":\"EntryPoint\",\"urlTemplate\":\"https:\/\/1000toncar.com.br\/oficina\/?s={search_term_string}\"},\"query-input\":\"required name=search_term_string\"}],\"inLanguage\":\"pt-BR\"},{\"@type\":\"Organization\",\"@id\":\"https:\/\/1000toncar.com.br\/oficina\/#organization\",\"name\":\"Oficina Mec\u00e2nica 1000toncar - Lapa - S\u00e3o Paulo\",\"url\":\"https:\/\/1000toncar.com.br\/oficina\/\",\"logo\":{\"@type\":\"ImageObject\",\"inLanguage\":\"pt-BR\",\"@id\":\"https:\/\/1000toncar.com.br\/oficina\/#\/schema\/logo\/image\/\",\"url\":\"https:\/\/1000toncar.com.br\/oficina\/wp-content\/uploads\/2024\/05\/logo1000.png\",\"contentUrl\":\"https:\/\/1000toncar.com.br\/oficina\/wp-content\/uploads\/2024\/05\/logo1000.png\",\"width\":244,\"height\":86,\"caption\":\"Oficina Mec\u00e2nica 1000toncar - Lapa - S\u00e3o Paulo\"},\"image\":{\"@id\":\"https:\/\/1000toncar.com.br\/oficina\/#\/schema\/logo\/image\/\"},\"sameAs\":[\"https:\/\/www.instagram.com\/1000toncar__\"]}]}<\/script>\n<!-- \/ Yoast SEO plugin. -->","yoast_head_json":{"title":"Contato - Oficina Mec\u00e2nica 1000toncar - Lapa - S\u00e3o Paulo","robots":{"index":"index","follow":"follow","max-snippet":"max-snippet:-1","max-image-preview":"max-image-preview:large","max-video-preview":"max-video-preview:-1"},"canonical":"https:\/\/1000toncar.com.br\/oficina\/contato\/","og_locale":"pt_BR","og_type":"article","og_title":"Contato - Oficina Mec\u00e2nica 1000toncar - Lapa - S\u00e3o Paulo","og_description":"[vc_row full_width=&#8221;stretch_row_content_no_spaces&#8221; leaf_row_scheme=&#8221;0&#8243; css=&#8221;.vc_custom_1471857503585{margin-bottom: 0px !important;}&#8221;][vc_column][vc_gmaps link=&#8221;#E-8_JTNDaWZyYW1lJTIwc3JjJTNEJTIyaHR0cHMlM0ElMkYlMkZ3d3cuZ29vZ2xlLmNvbSUyRm1hcHMlMkZlbWJlZCUzRnBiJTNEJTIxMW0xNCUyMTFtOCUyMTFtMyUyMTFkMTQ2MzEuODc3NTMwNTgzNzYzJTIxMmQtNDYuNzE4NTEzNiUyMTNkLTIzLjUzMzYwMzYlMjEzbTIlMjExaTEwMjQlMjEyaTc2OCUyMTRmMTMuMSUyMTNtMyUyMTFtMiUyMTFzMHg5NGNlZjg4M2IyMDY5NzAzJTI1M0EweDIxMTA3ZDYwODVlMTJiNjElMjEyc09maWNpbmElMjUyME1lYyUyNUMzJTI1QTJuaWNhJTI1MjAxMDAwdG9uY2FyJTI1MjBBdXRvJTI1MjBTZXJ2aSUyNUMzJTI1QTdvcyUyNTIwJTI1MjYlMjUyMENvbSUyNUMzJTI1QTlyY2lvJTI1MjAtJTI1MjBMYXBhLVNQJTI1MjAtJTI1MjBDZW50cm8lMjUyMEF1dG9tb3Rpdm8lMjE1ZTAlMjEzbTIlMjExc3B0LUJSJTIxMnNiciUyMTR2MTcxNTEzNzkxNzI0NiUyMTVtMiUyMTFzcHQtQlIlMjEyc2JyJTIyJTIwd2lkdGglM0QlMjI2MDAlMjIlMjBoZWlnaHQlM0QlMjI0NTAlMjIlMjBzdHlsZSUzRCUyMmJvcmRlciUzQTAlM0IlMjIlMjBhbGxvd2Z1bGxzY3JlZW4lM0QlMjIlMjIlMjBsb2FkaW5nJTNEJTIybGF6eSUyMiUyMHJlZmVycmVycG9saWN5JTNEJTIybm8tcmVmZXJyZXItd2hlbi1kb3duZ3JhZGUlMjIlM0UlM0MlMkZpZnJhbWUlM0U=&#8221; size=&#8221;500&#8243;][\/vc_column][\/vc_row][vc_row leaf_row_scheme=&#8221;0&#8243; css=&#8221;.vc_custom_1471857811497{margin-bottom: 0px !important;padding-top: 60px !important;padding-bottom: 60px !important;}&#8221;][vc_column width=&#8221;1\/2&#8243;][\/vc_column][vc_column width=&#8221;1\/2&#8243;][\/vc_column][\/vc_row]","og_url":"https:\/\/1000toncar.com.br\/oficina\/contato\/","og_site_name":"Oficina Mec\u00e2nica 1000toncar - Lapa - S\u00e3o Paulo","article_modified_time":"2024-05-10T04:26:53+00:00","twitter_card":"summary_large_image","twitter_misc":{"Est. tempo de leitura":"1 minuto"},"schema":{"@context":"https:\/\/schema.org","@graph":[{"@type":"WebPage","@id":"https:\/\/1000toncar.com.br\/oficina\/contato\/","url":"https:\/\/1000toncar.com.br\/oficina\/contato\/","name":"Contato - Oficina Mec\u00e2nica 1000toncar - Lapa - S\u00e3o Paulo","isPartOf":{"@id":"https:\/\/1000toncar.com.br\/oficina\/#website"},"datePublished":"2016-08-22T09:16:47+00:00","dateModified":"2024-05-10T04:26:53+00:00","breadcrumb":{"@id":"https:\/\/1000toncar.com.br\/oficina\/contato\/#breadcrumb"},"inLanguage":"pt-BR","potentialAction":[{"@type":"ReadAction","target":["https:\/\/1000toncar.com.br\/oficina\/contato\/"]}]},{"@type":"BreadcrumbList","@id":"https:\/\/1000toncar.com.br\/oficina\/contato\/#breadcrumb","itemListElement":[{"@type":"ListItem","position":1,"name":"In\u00edcio","item":"https:\/\/1000toncar.com.br\/oficina\/"},{"@type":"ListItem","position":2,"name":"Contato"}]},{"@type":"WebSite","@id":"https:\/\/1000toncar.com.br\/oficina\/#website","url":"https:\/\/1000toncar.com.br\/oficina\/","name":"Oficina Mec\u00e2nica 1000toncar - Lapa - S\u00e3o Paulo","description":"Centro Automotivo, Troca de \u00d3leo, Mec\u00e2nica para carros","publisher":{"@id":"https:\/\/1000toncar.com.br\/oficina\/#organization"},"potentialAction":[{"@type":"SearchAction","target":{"@type":"EntryPoint","urlTemplate":"https:\/\/1000toncar.com.br\/oficina\/?s={search_term_string}"},"query-input":"required name=search_term_string"}],"inLanguage":"pt-BR"},{"@type":"Organization","@id":"https:\/\/1000toncar.com.br\/oficina\/#organization","name":"Oficina Mec\u00e2nica 1000toncar - Lapa - S\u00e3o Paulo","url":"https:\/\/1000toncar.com.br\/oficina\/","logo":{"@type":"ImageObject","inLanguage":"pt-BR","@id":"https:\/\/1000toncar.com.br\/oficina\/#\/schema\/logo\/image\/","url":"https:\/\/1000toncar.com.br\/oficina\/wp-content\/uploads\/2024\/05\/logo1000.png","contentUrl":"https:\/\/1000toncar.com.br\/oficina\/wp-content\/uploads\/2024\/05\/logo1000.png","width":244,"height":86,"caption":"Oficina Mec\u00e2nica 1000toncar - Lapa - S\u00e3o Paulo"},"image":{"@id":"https:\/\/1000toncar.com.br\/oficina\/#\/schema\/logo\/image\/"},"sameAs":["https:\/\/www.instagram.com\/1000toncar__"]}]}},"jetpack_sharing_enabled":true,"_links":{"self":[{"href":"https:\/\/1000toncar.com.br\/oficina\/wp-json\/wp\/v2\/pages\/2542"}],"collection":[{"href":"https:\/\/1000toncar.com.br\/oficina\/wp-json\/wp\/v2\/pages"}],"about":[{"href":"https:\/\/1000toncar.com.br\/oficina\/wp-json\/wp\/v2\/types\/page"}],"author":[{"embeddable":true,"href":"https:\/\/1000toncar.com.br\/oficina\/wp-json\/wp\/v2\/users\/1"}],"replies":[{"embeddable":true,"href":"https:\/\/1000toncar.com.br\/oficina\/wp-json\/wp\/v2\/comments?post=2542"}],"version-history":[{"count":5,"href":"https:\/\/1000toncar.com.br\/oficina\/wp-json\/wp\/v2\/pages\/2542\/revisions"}],"predecessor-version":[{"id":3687,"href":"https:\/\/1000toncar.com.br\/oficina\/wp-json\/wp\/v2\/pages\/2542\/revisions\/3687"}],"wp:attachment":[{"href":"https:\/\/1000toncar.com.br\/oficina\/wp-json\/wp\/v2\/media?parent=2542"}],"curies":[{"name":"wp","href":"https:\/\/api.w.org\/{rel}","templated":true}]}}