{"id":3790,"date":"2024-05-10T20:28:55","date_gmt":"2024-05-10T20:28:55","guid":{"rendered":"https:\/\/1000toncar.com.br\/oficina\/?page_id=3790"},"modified":"2025-09-19T17:44:34","modified_gmt":"2025-09-19T17:44:34","slug":"missao-e-visao","status":"publish","type":"page","link":"https:\/\/1000toncar.com.br\/oficina\/missao-e-visao\/","title":{"rendered":"Miss\u00e3o e Vis\u00e3o"},"content":{"rendered":"<p>[vc_row][vc_column width=&#8221;1\/2&#8243; el_class=&#8221;grayscale&#8221; css=&#8221;.vc_custom_1715382630146{padding-top: 55% !important;padding-right: 30px !important;padding-bottom: 30px !important;background-image: url(https:\/\/1000toncar.com.br\/oficina\/wp-content\/uploads\/2024\/05\/2023-08-29-6.jpg?id=3839) !important;background-position: center !important;background-repeat: no-repeat !important;background-size: cover !important;}&#8221;][vc_icon type=&#8221;typicons&#8221; color=&#8221;white&#8221; background_style=&#8221;boxed-outline&#8221; background_color=&#8221;white&#8221;][\/vc_column][vc_column width=&#8221;1\/2&#8243;]    <div class=\"ia-heading ia-heading-heading_6415 heading-align-left \" data-delay=0>\n    \t<h2 class=\"h1\">\n                \tMiss\u00e3o                <\/h2>\n        <div class=\"clearfix\"><\/div>\n    <\/div>\n    [vc_column_text]<strong>Atrav\u00e9s de servi\u00e7os automotivos impactar vidas, transformar pessoas e construir um legado.<\/strong>[\/vc_column_text][\/vc_column][\/vc_row][vc_row][vc_column width=&#8221;1\/2&#8243;]    <div class=\"ia-heading ia-heading-heading_5029 heading-align-left \" data-delay=0>\n    \t<h2 class=\"h1\">\n                \tVis\u00e3o                <\/h2>\n        <div class=\"clearfix\"><\/div>\n    <\/div>\n    [vc_column_text]<strong>Ser l\u00edder no setor automotivo expandindo e mantendo um ambiente de trabalho<\/strong><br \/>\n<strong>inspirador. Ser reconhecido pela excel\u00eancia e pelo compromisso com o bem estar do cliente e da sociedade.<\/strong>[\/vc_column_text][\/vc_column][vc_column width=&#8221;1\/2&#8243; css=&#8221;.vc_custom_1715382685267{padding-top: 30px !important;padding-bottom: 55% !important;padding-left: 30px !important;background-image: url(https:\/\/1000toncar.com.br\/oficina\/wp-content\/uploads\/2024\/05\/2023-08-29-4.jpg?id=3840) !important;background-position: center !important;background-repeat: no-repeat !important;background-size: cover !important;}&#8221;][vc_icon type=&#8221;typicons&#8221; icon_typicons=&#8221;typcn typcn-chart-area&#8221; color=&#8221;white&#8221; background_style=&#8221;boxed-outline&#8221; background_color=&#8221;white&#8221;][\/vc_column][\/vc_row]<\/p>\n<p>[vc_row][vc_column width=&#8221;1\/2&#8243; el_class=&#8221;grayscale&#8221; css=&#8221;.vc_custom_1715382630146{padding-top: 55% !important;padding-right: 30px !important;padding-bottom: 30px !important;background-image: url(https:\/\/1000toncar.com.br\/oficina\/wp-content\/uploads\/2024\/05\/2023-08-29-6.jpg?id=3839) !important;background-position: center !important;background-repeat: no-repeat !important;background-size: cover !important;}&#8221;][vc_icon type=&#8221;typicons&#8221; color=&#8221;white&#8221; background_style=&#8221;boxed-outline&#8221; background_color=&#8221;white&#8221;][\/vc_column][vc_column width=&#8221;1\/2&#8243;]    <div class=\"ia-heading ia-heading-heading_7423 heading-align-left \" data-delay=0>\n    \t<h2 class=\"h1\">\n                \tValor                <\/h2>\n        <div class=\"clearfix\"><\/div>\n    <\/div>\n    [vc_column_text]<strong>Transpar\u00eancia, auto responsabilidade, inova\u00e7\u00e3o e positividade.<\/strong>[\/vc_column_text][\/vc_column][\/vc_row]<\/p>\n","protected":false},"excerpt":{"rendered":"<p>[vc_row][vc_column width=&#8221;1\/2&#8243; el_class=&#8221;grayscale&#8221; css=&#8221;.vc_custom_1715382630146{padding-top: 55% !important;padding-right: 30px !important;padding-bottom: 30px !important;background-image: url(https:\/\/1000toncar.com.br\/oficina\/wp-content\/uploads\/2024\/05\/2023-08-29-6.jpg?id=3839) !important;background-position: center !important;background-repeat: no-repeat !important;background-size: cover !important;}&#8221;][vc_icon type=&#8221;typicons&#8221; color=&#8221;white&#8221; background_style=&#8221;boxed-outline&#8221; background_color=&#8221;white&#8221;][\/vc_column][vc_column [&hellip;]<\/p>\n","protected":false},"author":1,"featured_media":0,"parent":0,"menu_order":0,"comment_status":"closed","ping_status":"closed","template":"","meta":{"footnotes":""},"yoast_head":"<!-- This site is optimized with the Yoast SEO plugin v22.6 - https:\/\/yoast.com\/wordpress\/plugins\/seo\/ -->\n<title>Miss\u00e3o e Vis\u00e3o - Oficina Mec\u00e2nica 1000toncar - Lapa - S\u00e3o Paulo<\/title>\n<meta name=\"robots\" content=\"index, follow, max-snippet:-1, max-image-preview:large, max-video-preview:-1\" \/>\n<link rel=\"canonical\" href=\"https:\/\/1000toncar.com.br\/oficina\/missao-e-visao\/\" \/>\n<meta property=\"og:locale\" content=\"pt_BR\" \/>\n<meta property=\"og:type\" content=\"article\" \/>\n<meta property=\"og:title\" content=\"Miss\u00e3o e Vis\u00e3o - Oficina Mec\u00e2nica 1000toncar - Lapa - S\u00e3o Paulo\" \/>\n<meta property=\"og:description\" content=\"[vc_row][vc_column width=&#8221;1\/2&#8243; el_class=&#8221;grayscale&#8221; css=&#8221;.vc_custom_1715382630146{padding-top: 55% !important;padding-right: 30px !important;padding-bottom: 30px !important;background-image: url(https:\/\/1000toncar.com.br\/oficina\/wp-content\/uploads\/2024\/05\/2023-08-29-6.jpg?id=3839) !important;background-position: center !important;background-repeat: no-repeat !important;background-size: cover !important;}&#8221;][vc_icon type=&#8221;typicons&#8221; color=&#8221;white&#8221; background_style=&#8221;boxed-outline&#8221; background_color=&#8221;white&#8221;][\/vc_column][vc_column [&hellip;]\" \/>\n<meta property=\"og:url\" content=\"https:\/\/1000toncar.com.br\/oficina\/missao-e-visao\/\" \/>\n<meta property=\"og:site_name\" content=\"Oficina Mec\u00e2nica 1000toncar - Lapa - S\u00e3o Paulo\" \/>\n<meta property=\"article:modified_time\" content=\"2025-09-19T17:44:34+00:00\" \/>\n<meta name=\"twitter:card\" content=\"summary_large_image\" \/>\n<meta name=\"twitter:label1\" content=\"Est. tempo de leitura\" \/>\n\t<meta name=\"twitter:data1\" content=\"1 minuto\" \/>\n<script type=\"application\/ld+json\" class=\"yoast-schema-graph\">{\"@context\":\"https:\/\/schema.org\",\"@graph\":[{\"@type\":\"WebPage\",\"@id\":\"https:\/\/1000toncar.com.br\/oficina\/missao-e-visao\/\",\"url\":\"https:\/\/1000toncar.com.br\/oficina\/missao-e-visao\/\",\"name\":\"Miss\u00e3o e Vis\u00e3o - Oficina Mec\u00e2nica 1000toncar - Lapa - S\u00e3o Paulo\",\"isPartOf\":{\"@id\":\"https:\/\/1000toncar.com.br\/oficina\/#website\"},\"datePublished\":\"2024-05-10T20:28:55+00:00\",\"dateModified\":\"2025-09-19T17:44:34+00:00\",\"breadcrumb\":{\"@id\":\"https:\/\/1000toncar.com.br\/oficina\/missao-e-visao\/#breadcrumb\"},\"inLanguage\":\"pt-BR\",\"potentialAction\":[{\"@type\":\"ReadAction\",\"target\":[\"https:\/\/1000toncar.com.br\/oficina\/missao-e-visao\/\"]}]},{\"@type\":\"BreadcrumbList\",\"@id\":\"https:\/\/1000toncar.com.br\/oficina\/missao-e-visao\/#breadcrumb\",\"itemListElement\":[{\"@type\":\"ListItem\",\"position\":1,\"name\":\"In\u00edcio\",\"item\":\"https:\/\/1000toncar.com.br\/oficina\/\"},{\"@type\":\"ListItem\",\"position\":2,\"name\":\"Miss\u00e3o e Vis\u00e3o\"}]},{\"@type\":\"WebSite\",\"@id\":\"https:\/\/1000toncar.com.br\/oficina\/#website\",\"url\":\"https:\/\/1000toncar.com.br\/oficina\/\",\"name\":\"Oficina Mec\u00e2nica 1000toncar - Lapa - S\u00e3o Paulo\",\"description\":\"Centro Automotivo, Troca de \u00d3leo, Mec\u00e2nica para carros\",\"publisher\":{\"@id\":\"https:\/\/1000toncar.com.br\/oficina\/#organization\"},\"potentialAction\":[{\"@type\":\"SearchAction\",\"target\":{\"@type\":\"EntryPoint\",\"urlTemplate\":\"https:\/\/1000toncar.com.br\/oficina\/?s={search_term_string}\"},\"query-input\":\"required name=search_term_string\"}],\"inLanguage\":\"pt-BR\"},{\"@type\":\"Organization\",\"@id\":\"https:\/\/1000toncar.com.br\/oficina\/#organization\",\"name\":\"Oficina Mec\u00e2nica 1000toncar - Lapa - S\u00e3o Paulo\",\"url\":\"https:\/\/1000toncar.com.br\/oficina\/\",\"logo\":{\"@type\":\"ImageObject\",\"inLanguage\":\"pt-BR\",\"@id\":\"https:\/\/1000toncar.com.br\/oficina\/#\/schema\/logo\/image\/\",\"url\":\"https:\/\/1000toncar.com.br\/oficina\/wp-content\/uploads\/2024\/05\/logo1000.png\",\"contentUrl\":\"https:\/\/1000toncar.com.br\/oficina\/wp-content\/uploads\/2024\/05\/logo1000.png\",\"width\":244,\"height\":86,\"caption\":\"Oficina Mec\u00e2nica 1000toncar - Lapa - S\u00e3o Paulo\"},\"image\":{\"@id\":\"https:\/\/1000toncar.com.br\/oficina\/#\/schema\/logo\/image\/\"},\"sameAs\":[\"https:\/\/www.instagram.com\/1000toncar__\"]}]}<\/script>\n<!-- \/ Yoast SEO plugin. -->","yoast_head_json":{"title":"Miss\u00e3o e Vis\u00e3o - Oficina Mec\u00e2nica 1000toncar - Lapa - S\u00e3o Paulo","robots":{"index":"index","follow":"follow","max-snippet":"max-snippet:-1","max-image-preview":"max-image-preview:large","max-video-preview":"max-video-preview:-1"},"canonical":"https:\/\/1000toncar.com.br\/oficina\/missao-e-visao\/","og_locale":"pt_BR","og_type":"article","og_title":"Miss\u00e3o e Vis\u00e3o - Oficina Mec\u00e2nica 1000toncar - Lapa - S\u00e3o Paulo","og_description":"[vc_row][vc_column width=&#8221;1\/2&#8243; el_class=&#8221;grayscale&#8221; css=&#8221;.vc_custom_1715382630146{padding-top: 55% !important;padding-right: 30px !important;padding-bottom: 30px !important;background-image: url(https:\/\/1000toncar.com.br\/oficina\/wp-content\/uploads\/2024\/05\/2023-08-29-6.jpg?id=3839) !important;background-position: center !important;background-repeat: no-repeat !important;background-size: cover !important;}&#8221;][vc_icon type=&#8221;typicons&#8221; color=&#8221;white&#8221; background_style=&#8221;boxed-outline&#8221; background_color=&#8221;white&#8221;][\/vc_column][vc_column [&hellip;]","og_url":"https:\/\/1000toncar.com.br\/oficina\/missao-e-visao\/","og_site_name":"Oficina Mec\u00e2nica 1000toncar - Lapa - S\u00e3o Paulo","article_modified_time":"2025-09-19T17:44:34+00:00","twitter_card":"summary_large_image","twitter_misc":{"Est. tempo de leitura":"1 minuto"},"schema":{"@context":"https:\/\/schema.org","@graph":[{"@type":"WebPage","@id":"https:\/\/1000toncar.com.br\/oficina\/missao-e-visao\/","url":"https:\/\/1000toncar.com.br\/oficina\/missao-e-visao\/","name":"Miss\u00e3o e Vis\u00e3o - Oficina Mec\u00e2nica 1000toncar - Lapa - S\u00e3o Paulo","isPartOf":{"@id":"https:\/\/1000toncar.com.br\/oficina\/#website"},"datePublished":"2024-05-10T20:28:55+00:00","dateModified":"2025-09-19T17:44:34+00:00","breadcrumb":{"@id":"https:\/\/1000toncar.com.br\/oficina\/missao-e-visao\/#breadcrumb"},"inLanguage":"pt-BR","potentialAction":[{"@type":"ReadAction","target":["https:\/\/1000toncar.com.br\/oficina\/missao-e-visao\/"]}]},{"@type":"BreadcrumbList","@id":"https:\/\/1000toncar.com.br\/oficina\/missao-e-visao\/#breadcrumb","itemListElement":[{"@type":"ListItem","position":1,"name":"In\u00edcio","item":"https:\/\/1000toncar.com.br\/oficina\/"},{"@type":"ListItem","position":2,"name":"Miss\u00e3o e Vis\u00e3o"}]},{"@type":"WebSite","@id":"https:\/\/1000toncar.com.br\/oficina\/#website","url":"https:\/\/1000toncar.com.br\/oficina\/","name":"Oficina Mec\u00e2nica 1000toncar - Lapa - S\u00e3o Paulo","description":"Centro Automotivo, Troca de \u00d3leo, Mec\u00e2nica para carros","publisher":{"@id":"https:\/\/1000toncar.com.br\/oficina\/#organization"},"potentialAction":[{"@type":"SearchAction","target":{"@type":"EntryPoint","urlTemplate":"https:\/\/1000toncar.com.br\/oficina\/?s={search_term_string}"},"query-input":"required name=search_term_string"}],"inLanguage":"pt-BR"},{"@type":"Organization","@id":"https:\/\/1000toncar.com.br\/oficina\/#organization","name":"Oficina Mec\u00e2nica 1000toncar - Lapa - S\u00e3o Paulo","url":"https:\/\/1000toncar.com.br\/oficina\/","logo":{"@type":"ImageObject","inLanguage":"pt-BR","@id":"https:\/\/1000toncar.com.br\/oficina\/#\/schema\/logo\/image\/","url":"https:\/\/1000toncar.com.br\/oficina\/wp-content\/uploads\/2024\/05\/logo1000.png","contentUrl":"https:\/\/1000toncar.com.br\/oficina\/wp-content\/uploads\/2024\/05\/logo1000.png","width":244,"height":86,"caption":"Oficina Mec\u00e2nica 1000toncar - Lapa - S\u00e3o Paulo"},"image":{"@id":"https:\/\/1000toncar.com.br\/oficina\/#\/schema\/logo\/image\/"},"sameAs":["https:\/\/www.instagram.com\/1000toncar__"]}]}},"jetpack_sharing_enabled":true,"_links":{"self":[{"href":"https:\/\/1000toncar.com.br\/oficina\/wp-json\/wp\/v2\/pages\/3790"}],"collection":[{"href":"https:\/\/1000toncar.com.br\/oficina\/wp-json\/wp\/v2\/pages"}],"about":[{"href":"https:\/\/1000toncar.com.br\/oficina\/wp-json\/wp\/v2\/types\/page"}],"author":[{"embeddable":true,"href":"https:\/\/1000toncar.com.br\/oficina\/wp-json\/wp\/v2\/users\/1"}],"replies":[{"embeddable":true,"href":"https:\/\/1000toncar.com.br\/oficina\/wp-json\/wp\/v2\/comments?post=3790"}],"version-history":[{"count":15,"href":"https:\/\/1000toncar.com.br\/oficina\/wp-json\/wp\/v2\/pages\/3790\/revisions"}],"predecessor-version":[{"id":3906,"href":"https:\/\/1000toncar.com.br\/oficina\/wp-json\/wp\/v2\/pages\/3790\/revisions\/3906"}],"wp:attachment":[{"href":"https:\/\/1000toncar.com.br\/oficina\/wp-json\/wp\/v2\/media?parent=3790"}],"curies":[{"name":"wp","href":"https:\/\/api.w.org\/{rel}","templated":true}]}}