{"id":3795,"date":"2024-05-10T20:38:44","date_gmt":"2024-05-10T20:38:44","guid":{"rendered":"https:\/\/1000toncar.com.br\/oficina\/?page_id=3795"},"modified":"2024-05-10T22:19:47","modified_gmt":"2024-05-10T22:19:47","slug":"quem-somos","status":"publish","type":"page","link":"https:\/\/1000toncar.com.br\/oficina\/quem-somos\/","title":{"rendered":"Quem Somos"},"content":{"rendered":"\n<p class=\"has-text-align-center\"><strong>Em 1992, no Bairro da Lapa, foi fundada a oficina 1000Toncar, por Lucemilton Bezerra.<br>Sempre no mesmo bairro, em 2019, a empresa mudou de endere\u00e7o para onde est\u00e1 at\u00e9 o momento.<br>Todo conhecimento e experi\u00eancia adquirida nesses anos, nos confere ainda maior confian\u00e7a e excel\u00eancia na presta\u00e7\u00e3o de servi\u00e7os.<br>A 1000Toncar \u00e9 uma empresa que preza o lado humano das pessoas, fazendo com que percebam a import\u00e2ncia que o ve\u00edculo tem na seguran\u00e7a e conforto que oferece&nbsp;aos&nbsp;usu\u00e1rios<\/strong>.<\/p>\n","protected":false},"excerpt":{"rendered":"<p>Em 1992, no Bairro da Lapa, foi fundada a oficina 1000Toncar, por Lucemilton Bezerra.Sempre no mesmo bairro, em 2019, a empresa mudou [&hellip;]<\/p>\n","protected":false},"author":1,"featured_media":0,"parent":0,"menu_order":0,"comment_status":"closed","ping_status":"closed","template":"","meta":{"footnotes":""},"yoast_head":"<!-- This site is optimized with the Yoast SEO plugin v22.6 - https:\/\/yoast.com\/wordpress\/plugins\/seo\/ -->\n<title>Quem Somos - Oficina Mec\u00e2nica 1000toncar - Lapa - S\u00e3o Paulo<\/title>\n<meta name=\"robots\" content=\"index, follow, max-snippet:-1, max-image-preview:large, max-video-preview:-1\" \/>\n<link rel=\"canonical\" href=\"https:\/\/1000toncar.com.br\/oficina\/quem-somos\/\" \/>\n<meta property=\"og:locale\" content=\"pt_BR\" \/>\n<meta property=\"og:type\" content=\"article\" \/>\n<meta property=\"og:title\" content=\"Quem Somos - Oficina Mec\u00e2nica 1000toncar - Lapa - S\u00e3o Paulo\" \/>\n<meta property=\"og:description\" content=\"Em 1992, no Bairro da Lapa, foi fundada a oficina 1000Toncar, por Lucemilton Bezerra.Sempre no mesmo bairro, em 2019, a empresa mudou [&hellip;]\" \/>\n<meta property=\"og:url\" content=\"https:\/\/1000toncar.com.br\/oficina\/quem-somos\/\" \/>\n<meta property=\"og:site_name\" content=\"Oficina Mec\u00e2nica 1000toncar - Lapa - S\u00e3o Paulo\" \/>\n<meta property=\"article:modified_time\" content=\"2024-05-10T22:19:47+00:00\" \/>\n<meta name=\"twitter:card\" content=\"summary_large_image\" \/>\n<script type=\"application\/ld+json\" class=\"yoast-schema-graph\">{\"@context\":\"https:\/\/schema.org\",\"@graph\":[{\"@type\":\"WebPage\",\"@id\":\"https:\/\/1000toncar.com.br\/oficina\/quem-somos\/\",\"url\":\"https:\/\/1000toncar.com.br\/oficina\/quem-somos\/\",\"name\":\"Quem Somos - Oficina Mec\u00e2nica 1000toncar - Lapa - S\u00e3o Paulo\",\"isPartOf\":{\"@id\":\"https:\/\/1000toncar.com.br\/oficina\/#website\"},\"datePublished\":\"2024-05-10T20:38:44+00:00\",\"dateModified\":\"2024-05-10T22:19:47+00:00\",\"breadcrumb\":{\"@id\":\"https:\/\/1000toncar.com.br\/oficina\/quem-somos\/#breadcrumb\"},\"inLanguage\":\"pt-BR\",\"potentialAction\":[{\"@type\":\"ReadAction\",\"target\":[\"https:\/\/1000toncar.com.br\/oficina\/quem-somos\/\"]}]},{\"@type\":\"BreadcrumbList\",\"@id\":\"https:\/\/1000toncar.com.br\/oficina\/quem-somos\/#breadcrumb\",\"itemListElement\":[{\"@type\":\"ListItem\",\"position\":1,\"name\":\"In\u00edcio\",\"item\":\"https:\/\/1000toncar.com.br\/oficina\/\"},{\"@type\":\"ListItem\",\"position\":2,\"name\":\"Quem Somos\"}]},{\"@type\":\"WebSite\",\"@id\":\"https:\/\/1000toncar.com.br\/oficina\/#website\",\"url\":\"https:\/\/1000toncar.com.br\/oficina\/\",\"name\":\"Oficina Mec\u00e2nica 1000toncar - Lapa - S\u00e3o Paulo\",\"description\":\"Centro Automotivo, Troca de \u00d3leo, Mec\u00e2nica para carros\",\"publisher\":{\"@id\":\"https:\/\/1000toncar.com.br\/oficina\/#organization\"},\"potentialAction\":[{\"@type\":\"SearchAction\",\"target\":{\"@type\":\"EntryPoint\",\"urlTemplate\":\"https:\/\/1000toncar.com.br\/oficina\/?s={search_term_string}\"},\"query-input\":\"required name=search_term_string\"}],\"inLanguage\":\"pt-BR\"},{\"@type\":\"Organization\",\"@id\":\"https:\/\/1000toncar.com.br\/oficina\/#organization\",\"name\":\"Oficina Mec\u00e2nica 1000toncar - Lapa - S\u00e3o Paulo\",\"url\":\"https:\/\/1000toncar.com.br\/oficina\/\",\"logo\":{\"@type\":\"ImageObject\",\"inLanguage\":\"pt-BR\",\"@id\":\"https:\/\/1000toncar.com.br\/oficina\/#\/schema\/logo\/image\/\",\"url\":\"https:\/\/1000toncar.com.br\/oficina\/wp-content\/uploads\/2024\/05\/logo1000.png\",\"contentUrl\":\"https:\/\/1000toncar.com.br\/oficina\/wp-content\/uploads\/2024\/05\/logo1000.png\",\"width\":244,\"height\":86,\"caption\":\"Oficina Mec\u00e2nica 1000toncar - Lapa - S\u00e3o Paulo\"},\"image\":{\"@id\":\"https:\/\/1000toncar.com.br\/oficina\/#\/schema\/logo\/image\/\"},\"sameAs\":[\"https:\/\/www.instagram.com\/1000toncar__\"]}]}<\/script>\n<!-- \/ Yoast SEO plugin. -->","yoast_head_json":{"title":"Quem Somos - Oficina Mec\u00e2nica 1000toncar - Lapa - S\u00e3o Paulo","robots":{"index":"index","follow":"follow","max-snippet":"max-snippet:-1","max-image-preview":"max-image-preview:large","max-video-preview":"max-video-preview:-1"},"canonical":"https:\/\/1000toncar.com.br\/oficina\/quem-somos\/","og_locale":"pt_BR","og_type":"article","og_title":"Quem Somos - Oficina Mec\u00e2nica 1000toncar - Lapa - S\u00e3o Paulo","og_description":"Em 1992, no Bairro da Lapa, foi fundada a oficina 1000Toncar, por Lucemilton Bezerra.Sempre no mesmo bairro, em 2019, a empresa mudou [&hellip;]","og_url":"https:\/\/1000toncar.com.br\/oficina\/quem-somos\/","og_site_name":"Oficina Mec\u00e2nica 1000toncar - Lapa - S\u00e3o Paulo","article_modified_time":"2024-05-10T22:19:47+00:00","twitter_card":"summary_large_image","schema":{"@context":"https:\/\/schema.org","@graph":[{"@type":"WebPage","@id":"https:\/\/1000toncar.com.br\/oficina\/quem-somos\/","url":"https:\/\/1000toncar.com.br\/oficina\/quem-somos\/","name":"Quem Somos - Oficina Mec\u00e2nica 1000toncar - Lapa - S\u00e3o Paulo","isPartOf":{"@id":"https:\/\/1000toncar.com.br\/oficina\/#website"},"datePublished":"2024-05-10T20:38:44+00:00","dateModified":"2024-05-10T22:19:47+00:00","breadcrumb":{"@id":"https:\/\/1000toncar.com.br\/oficina\/quem-somos\/#breadcrumb"},"inLanguage":"pt-BR","potentialAction":[{"@type":"ReadAction","target":["https:\/\/1000toncar.com.br\/oficina\/quem-somos\/"]}]},{"@type":"BreadcrumbList","@id":"https:\/\/1000toncar.com.br\/oficina\/quem-somos\/#breadcrumb","itemListElement":[{"@type":"ListItem","position":1,"name":"In\u00edcio","item":"https:\/\/1000toncar.com.br\/oficina\/"},{"@type":"ListItem","position":2,"name":"Quem Somos"}]},{"@type":"WebSite","@id":"https:\/\/1000toncar.com.br\/oficina\/#website","url":"https:\/\/1000toncar.com.br\/oficina\/","name":"Oficina Mec\u00e2nica 1000toncar - Lapa - S\u00e3o Paulo","description":"Centro Automotivo, Troca de \u00d3leo, Mec\u00e2nica para carros","publisher":{"@id":"https:\/\/1000toncar.com.br\/oficina\/#organization"},"potentialAction":[{"@type":"SearchAction","target":{"@type":"EntryPoint","urlTemplate":"https:\/\/1000toncar.com.br\/oficina\/?s={search_term_string}"},"query-input":"required name=search_term_string"}],"inLanguage":"pt-BR"},{"@type":"Organization","@id":"https:\/\/1000toncar.com.br\/oficina\/#organization","name":"Oficina Mec\u00e2nica 1000toncar - Lapa - S\u00e3o Paulo","url":"https:\/\/1000toncar.com.br\/oficina\/","logo":{"@type":"ImageObject","inLanguage":"pt-BR","@id":"https:\/\/1000toncar.com.br\/oficina\/#\/schema\/logo\/image\/","url":"https:\/\/1000toncar.com.br\/oficina\/wp-content\/uploads\/2024\/05\/logo1000.png","contentUrl":"https:\/\/1000toncar.com.br\/oficina\/wp-content\/uploads\/2024\/05\/logo1000.png","width":244,"height":86,"caption":"Oficina Mec\u00e2nica 1000toncar - Lapa - S\u00e3o Paulo"},"image":{"@id":"https:\/\/1000toncar.com.br\/oficina\/#\/schema\/logo\/image\/"},"sameAs":["https:\/\/www.instagram.com\/1000toncar__"]}]}},"jetpack_sharing_enabled":true,"_links":{"self":[{"href":"https:\/\/1000toncar.com.br\/oficina\/wp-json\/wp\/v2\/pages\/3795"}],"collection":[{"href":"https:\/\/1000toncar.com.br\/oficina\/wp-json\/wp\/v2\/pages"}],"about":[{"href":"https:\/\/1000toncar.com.br\/oficina\/wp-json\/wp\/v2\/types\/page"}],"author":[{"embeddable":true,"href":"https:\/\/1000toncar.com.br\/oficina\/wp-json\/wp\/v2\/users\/1"}],"replies":[{"embeddable":true,"href":"https:\/\/1000toncar.com.br\/oficina\/wp-json\/wp\/v2\/comments?post=3795"}],"version-history":[{"count":3,"href":"https:\/\/1000toncar.com.br\/oficina\/wp-json\/wp\/v2\/pages\/3795\/revisions"}],"predecessor-version":[{"id":3831,"href":"https:\/\/1000toncar.com.br\/oficina\/wp-json\/wp\/v2\/pages\/3795\/revisions\/3831"}],"wp:attachment":[{"href":"https:\/\/1000toncar.com.br\/oficina\/wp-json\/wp\/v2\/media?parent=3795"}],"curies":[{"name":"wp","href":"https:\/\/api.w.org\/{rel}","templated":true}]}}